{"id":27,"date":"2025-10-16T14:51:12","date_gmt":"2025-10-16T14:51:12","guid":{"rendered":"https:\/\/dummy.xtemos.com\/woodmart2\/christmas-shop-elementor\/?page_id=27"},"modified":"2026-02-03T13:54:19","modified_gmt":"2026-02-03T18:54:19","slug":"home","status":"publish","type":"page","link":"https:\/\/editorialmeyzan.com\/","title":{"rendered":"Inicio"},"content":{"rendered":"\t\t<div data-elementor-type=\"wp-page\" data-elementor-id=\"27\" class=\"elementor elementor-27\" data-elementor-post-type=\"page\">\n\t\t\t\t<div class=\"wd-negative-gap elementor-element elementor-element-b25b6db e-flex e-con-boxed e-con e-parent\" data-id=\"b25b6db\" data-element_type=\"container\">\n\t\t\t\t\t<div class=\"e-con-inner\">\n\t\t<div class=\"elementor-element elementor-element-81a3c9c e-con-full color-scheme-light wd-section-stretch-content e-flex e-con e-child\" data-id=\"81a3c9c\" data-element_type=\"container\" data-settings=\"{&quot;background_background&quot;:&quot;classic&quot;}\">\n\t\t\t\t<div class=\"elementor-element elementor-element-fef2c07 wd-width-100 elementor-widget elementor-widget-wd_title\" data-id=\"fef2c07\" data-element_type=\"widget\" data-widget_type=\"wd_title.default\">\n\t\t\t\t<div class=\"elementor-widget-container\">\n\t\t\t\t\t\t\t<div class=\"title-wrapper wd-set-mb reset-last-child wd-title-color-default wd-title-style-default wd-title-size-default text-center\">\n\n\t\t\t\t\t\t\t\t\t\t\t<div class=\"title-subtitle subtitle-color-default subtitle-style-default wd-fontsize-xs\">\n\t\t\t\t\tEditorial independiente peruana\t\t\t\t<\/div>\n\t\t\t\n\t\t\t<div class=\"liner-continer\">\n\t\t\t\t<h4 class=\"woodmart-title-container title wd-fontsize-l\">Libros con identidad, archivo y emoci\u00f3n<\/h4> \n\t\t\t\t\t\t\t<\/div>\n\n\t\t\t\t\t<\/div>\n\t\t\t\t\t\t<\/div>\n\t\t\t\t<\/div>\n\t\t\t\t<div class=\"elementor-element elementor-element-93e718b elementor-widget elementor-widget-wd_button\" data-id=\"93e718b\" data-element_type=\"widget\" data-widget_type=\"wd_button.default\">\n\t\t\t\t<div class=\"elementor-widget-container\">\n\t\t\t\t\t\t\t<div class=\"wd-button-wrapper text-center\" >\n\t\t\t<a class=\"btn btn-style-default btn-shape-round btn-size-default btn-color-primary btn-icon-pos-right\"  href=\"https:\/\/editorialmeyzan.com\/index.php\/tienda\/\">\n\t\t\t\t<span class=\"wd-btn-text\" data-elementor-setting-key=\"text\">\n\t\t\t\t\tVER CAT\u00c1LOGO\t\t\t\t<\/span>\n\n\t\t\t\t\t\t\t<\/a>\n\t\t<\/div>\n\t\t\t\t\t\t<\/div>\n\t\t\t\t<\/div>\n\t\t\t\t<\/div>\n\t\t\t\t\t<\/div>\n\t\t\t\t<\/div>\n\t\t<div class=\"wd-negative-gap elementor-element elementor-element-35dee12 wd-section-stretch e-flex e-con-boxed e-con e-parent\" data-id=\"35dee12\" data-element_type=\"container\" data-settings=\"{&quot;background_background&quot;:&quot;classic&quot;}\">\n\t\t\t\t\t<div class=\"e-con-inner\">\n\t\t<div class=\"elementor-element elementor-element-383a916 e-con-full e-flex e-con e-child\" data-id=\"383a916\" data-element_type=\"container\">\n\t\t\t\t<div class=\"elementor-element elementor-element-51bc0c6 wd-width-100 elementor-widget elementor-widget-wd_title\" data-id=\"51bc0c6\" data-element_type=\"widget\" data-widget_type=\"wd_title.default\">\n\t\t\t\t<div class=\"elementor-widget-container\">\n\t\t\t\t\t\t\t<div class=\"title-wrapper wd-set-mb reset-last-child wd-title-color-default wd-title-style-default wd-title-size-default text-center\">\n\n\t\t\t\t\t\t\t\t\t\t\t<div class=\"title-subtitle subtitle-color-default subtitle-style-default wd-fontsize-xs\">\n\t\t\t\t\tNuestras publicaciones m\u00e1s recientes y queridas por la hinchada<br \/>\n\t\t\t\t<\/div>\n\t\t\t\n\t\t\t<div class=\"liner-continer\">\n\t\t\t\t<h4 class=\"woodmart-title-container title wd-fontsize-l\">Libros Destacados<\/h4> \n\t\t\t\t\t\t\t<\/div>\n\n\t\t\t\t\t<\/div>\n\t\t\t\t\t\t<\/div>\n\t\t\t\t<\/div>\n\t\t\t\t<\/div>\n\t\t\t\t<div class=\"elementor-element elementor-element-a1d30fb wd-width-100 elementor-widget elementor-widget-wd_products\" data-id=\"a1d30fb\" data-element_type=\"widget\" data-widget_type=\"wd_products.default\">\n\t\t\t\t<div class=\"elementor-widget-container\">\n\t\t\t\t\t\t\t\t\t\t<div class=\"wd-products-element\">\n\n\t\t\t\n\t\t\t\n\t\t\t\n\t\t\t\n\t\t\t<div class=\"products wd-products grid-columns-4 elements-grid title-line-one wd-grid-g wd-stretch-cont-lg wd-stretch-cont-md wd-stretch-cont-sm wd-products-with-bg\" data-paged=\"1\" data-atts=\"{&quot;speed&quot;:null,&quot;slides_per_view&quot;:null,&quot;wrap&quot;:null,&quot;autoplay&quot;:null,&quot;autoheight&quot;:null,&quot;hide_pagination_control&quot;:null,&quot;dynamic_pagination_control&quot;:null,&quot;hide_prev_next_buttons&quot;:null,&quot;carousel_arrows_position&quot;:null,&quot;hide_scrollbar&quot;:null,&quot;scroll_per_page&quot;:null,&quot;center_mode&quot;:null,&quot;spacing&quot;:&quot;&quot;,&quot;carousel_sync&quot;:null,&quot;sync_parent_id&quot;:null,&quot;sync_child_id&quot;:null,&quot;scroll_carousel_init&quot;:null,&quot;disable_overflow_carousel&quot;:null,&quot;include&quot;:null,&quot;taxonomies&quot;:[&quot;20&quot;,&quot;21&quot;,&quot;22&quot;],&quot;orderby&quot;:&quot;date&quot;,&quot;meta_key&quot;:null,&quot;exclude&quot;:[],&quot;shop_tools&quot;:null,&quot;ajax_recently_viewed&quot;:null,&quot;pagination_arrows_position&quot;:null,&quot;items_per_page&quot;:4,&quot;columns&quot;:{&quot;unit&quot;:&quot;px&quot;,&quot;size&quot;:4,&quot;sizes&quot;:[]},&quot;columns_tablet&quot;:{&quot;unit&quot;:&quot;px&quot;,&quot;size&quot;:3,&quot;sizes&quot;:[]},&quot;products_masonry&quot;:&quot;&quot;,&quot;products_different_sizes&quot;:&quot;&quot;,&quot;product_quantity&quot;:&quot;&quot;,&quot;sale_countdown&quot;:&quot;0&quot;,&quot;stretch_product&quot;:null,&quot;stock_progress_bar&quot;:&quot;0&quot;,&quot;highlighted_products&quot;:&quot;0&quot;,&quot;products_divider&quot;:null,&quot;products_bordered_grid&quot;:&quot;0&quot;,&quot;products_bordered_grid_style&quot;:null,&quot;products_with_background&quot;:&quot;1&quot;,&quot;products_shadow&quot;:&quot;&quot;,&quot;img_size&quot;:&quot;large&quot;,&quot;img_size_custom&quot;:null,&quot;grid_gallery_control&quot;:null,&quot;grid_gallery_enable_arrows&quot;:null,&quot;elementor&quot;:true,&quot;force_not_ajax&quot;:&quot;no&quot;}\" data-source=\"shortcode\" data-columns=\"4\" data-grid-gallery=\"\" style=\"--wd-col-lg:4;--wd-col-md:3;--wd-col-sm:2;--wd-gap-lg:20px;--wd-gap-sm:10px;\">\n\t\t\n\t\t\t\t\t\t\t\t<div class=\"wd-product wd-hover-quick wd-col product-grid-item product type-product post-1451 status-publish instock product_cat-libros-meyzan product_cat-seleccion-crema has-post-thumbnail shipping-taxable purchasable product-type-simple\" data-loop=\"1\" data-id=\"1451\">\n\t\t\t\t\n\t\n<div class=\"product-wrapper\">\n\t<div class=\"product-element-top wd-quick-shop\">\n\t\t<a href=\"https:\/\/editorialmeyzan.com\/index.php\/producto\/garra-y-guerra\/\" class=\"product-image-link\" tabindex=\"-1\" aria-label=\"Garra y Guerra\">\n\t\t\t<img loading=\"lazy\" decoding=\"async\" width=\"800\" height=\"800\" src=\"https:\/\/editorialmeyzan.com\/wp-content\/uploads\/2026\/01\/GARRA-Y-GUERRA-png-1-800x800.png\" class=\"attachment-large size-large\" alt=\"\" srcset=\"https:\/\/editorialmeyzan.com\/wp-content\/uploads\/2026\/01\/GARRA-Y-GUERRA-png-1-800x800.png 800w, https:\/\/editorialmeyzan.com\/wp-content\/uploads\/2026\/01\/GARRA-Y-GUERRA-png-1-430x430.png 430w, https:\/\/editorialmeyzan.com\/wp-content\/uploads\/2026\/01\/GARRA-Y-GUERRA-png-1-150x150.png 150w, https:\/\/editorialmeyzan.com\/wp-content\/uploads\/2026\/01\/GARRA-Y-GUERRA-png-1-700x700.png 700w, https:\/\/editorialmeyzan.com\/wp-content\/uploads\/2026\/01\/GARRA-Y-GUERRA-png-1-300x300.png 300w, https:\/\/editorialmeyzan.com\/wp-content\/uploads\/2026\/01\/GARRA-Y-GUERRA-png-1-768x768.png 768w, https:\/\/editorialmeyzan.com\/wp-content\/uploads\/2026\/01\/GARRA-Y-GUERRA-png-1-80x80.png 80w, https:\/\/editorialmeyzan.com\/wp-content\/uploads\/2026\/01\/GARRA-Y-GUERRA-png-1.png 1080w\" sizes=\"auto, (max-width: 800px) 100vw, 800px\" \/>\t\t<\/a>\n\n\t\t\t\t<div class=\"wd-buttons wd-pos-r-t\">\n\t\t\t\t\t\t\t\t\t\t\t<div class=\"quick-view wd-action-btn wd-style-icon wd-quick-view-icon\">\n\t\t\t<a\n\t\t\t\thref=\"https:\/\/editorialmeyzan.com\/index.php\/producto\/garra-y-guerra\/\"\n\t\t\t\tclass=\"open-quick-view quick-view-button\"\n\t\t\t\trel=\"nofollow\"\n\t\t\t\tdata-id=\"1451\"\n\t\t\t\t>Vista r\u00e1pida<\/a>\n\t\t<\/div>\n\t\t\t\t\t\t\t<\/div>\n\n\t\t\t\t\t<div class=\"wd-add-btn wd-add-btn-replace\">\n\t\t\t\t\n\t\t\t\t<a href=\"\/index.php\/wp-json\/wp\/v2\/pages\/27?add-to-cart=1451\" aria-describedby=\"woocommerce_loop_add_to_cart_link_describedby_1451\" data-quantity=\"1\" class=\"button product_type_simple add_to_cart_button ajax_add_to_cart add-to-cart-loop\" data-product_id=\"1451\" data-product_sku=\"\" aria-label=\"A\u00f1adir al carrito: &ldquo;Garra y Guerra&rdquo;\" rel=\"nofollow\" data-success_message=\"\u00abGarra y Guerra\u00bb se ha a\u00f1adido a tu carrito\" role=\"button\"><span>A\u00f1adir al carrito<\/span><\/a>\t<span id=\"woocommerce_loop_add_to_cart_link_describedby_1451\" class=\"screen-reader-text\">\n\t\t\t<\/span>\n\t\t\t\t\t\t\t<\/div>\n\t\t\t<\/div>\n\t\t<div class=\"product-element-bottom\">\n\t\t\t<h3 class=\"wd-entities-title\"><a href=\"https:\/\/editorialmeyzan.com\/index.php\/producto\/garra-y-guerra\/\">Garra y Guerra<\/a><\/h3>\n\t\t\t<div class=\"wd-product-cats\">\n\t\t\t<a href=\"https:\/\/editorialmeyzan.com\/index.php\/categoria-producto\/libros-meyzan\/\" rel=\"tag\">Libros Meyzan<\/a>, <a href=\"https:\/\/editorialmeyzan.com\/index.php\/categoria-producto\/seleccion-crema\/\" rel=\"tag\">Selecci\u00f3n Crema<\/a>\t\t<\/div>\n\t\t\t\t\n\t<span class=\"price\"><span class=\"woocommerce-Price-amount amount\"><bdi><span class=\"woocommerce-Price-currencySymbol\">S\/<\/span>&nbsp;45.00<\/bdi><\/span><\/span>\n\n\t\n\t\n\t\t\t<\/div>\n\t<\/div>\n<\/div>\n\t\t\t\t\t\t\t\t<div class=\"wd-product wd-hover-quick wd-col product-grid-item product type-product post-1450 status-publish instock product_cat-libros-meyzan product_cat-otros-libros-de-futbol product_cat-seleccion-crema has-post-thumbnail shipping-taxable purchasable product-type-simple\" data-loop=\"2\" data-id=\"1450\">\n\t\t\t\t\n\t\n<div class=\"product-wrapper\">\n\t<div class=\"product-element-top wd-quick-shop\">\n\t\t<a href=\"https:\/\/editorialmeyzan.com\/index.php\/producto\/matute-99\/\" class=\"product-image-link\" tabindex=\"-1\" aria-label=\"Matute 99\">\n\t\t\t<img loading=\"lazy\" decoding=\"async\" width=\"800\" height=\"800\" src=\"https:\/\/editorialmeyzan.com\/wp-content\/uploads\/2026\/01\/MATUTE-99-png-1-800x800.png\" class=\"attachment-large size-large\" alt=\"\" srcset=\"https:\/\/editorialmeyzan.com\/wp-content\/uploads\/2026\/01\/MATUTE-99-png-1-800x800.png 800w, https:\/\/editorialmeyzan.com\/wp-content\/uploads\/2026\/01\/MATUTE-99-png-1-430x430.png 430w, https:\/\/editorialmeyzan.com\/wp-content\/uploads\/2026\/01\/MATUTE-99-png-1-150x150.png 150w, https:\/\/editorialmeyzan.com\/wp-content\/uploads\/2026\/01\/MATUTE-99-png-1-700x700.png 700w, https:\/\/editorialmeyzan.com\/wp-content\/uploads\/2026\/01\/MATUTE-99-png-1-300x300.png 300w, https:\/\/editorialmeyzan.com\/wp-content\/uploads\/2026\/01\/MATUTE-99-png-1-768x768.png 768w, https:\/\/editorialmeyzan.com\/wp-content\/uploads\/2026\/01\/MATUTE-99-png-1-80x80.png 80w, https:\/\/editorialmeyzan.com\/wp-content\/uploads\/2026\/01\/MATUTE-99-png-1.png 1080w\" sizes=\"auto, (max-width: 800px) 100vw, 800px\" \/>\t\t<\/a>\n\n\t\t\t\t<div class=\"wd-buttons wd-pos-r-t\">\n\t\t\t\t\t\t\t\t\t\t\t<div class=\"quick-view wd-action-btn wd-style-icon wd-quick-view-icon\">\n\t\t\t<a\n\t\t\t\thref=\"https:\/\/editorialmeyzan.com\/index.php\/producto\/matute-99\/\"\n\t\t\t\tclass=\"open-quick-view quick-view-button\"\n\t\t\t\trel=\"nofollow\"\n\t\t\t\tdata-id=\"1450\"\n\t\t\t\t>Vista r\u00e1pida<\/a>\n\t\t<\/div>\n\t\t\t\t\t\t\t<\/div>\n\n\t\t\t\t\t<div class=\"wd-add-btn wd-add-btn-replace\">\n\t\t\t\t\n\t\t\t\t<a href=\"\/index.php\/wp-json\/wp\/v2\/pages\/27?add-to-cart=1450\" aria-describedby=\"woocommerce_loop_add_to_cart_link_describedby_1450\" data-quantity=\"1\" class=\"button product_type_simple add_to_cart_button ajax_add_to_cart add-to-cart-loop\" data-product_id=\"1450\" data-product_sku=\"\" aria-label=\"A\u00f1adir al carrito: &ldquo;Matute 99&rdquo;\" rel=\"nofollow\" data-success_message=\"\u00abMatute 99\u00bb se ha a\u00f1adido a tu carrito\" role=\"button\"><span>A\u00f1adir al carrito<\/span><\/a>\t<span id=\"woocommerce_loop_add_to_cart_link_describedby_1450\" class=\"screen-reader-text\">\n\t\t\t<\/span>\n\t\t\t\t\t\t\t<\/div>\n\t\t\t<\/div>\n\t\t<div class=\"product-element-bottom\">\n\t\t\t<h3 class=\"wd-entities-title\"><a href=\"https:\/\/editorialmeyzan.com\/index.php\/producto\/matute-99\/\">Matute 99<\/a><\/h3>\n\t\t\t<div class=\"wd-product-cats\">\n\t\t\t<a href=\"https:\/\/editorialmeyzan.com\/index.php\/categoria-producto\/libros-meyzan\/\" rel=\"tag\">Libros Meyzan<\/a>, <a href=\"https:\/\/editorialmeyzan.com\/index.php\/categoria-producto\/otros-libros-de-futbol\/\" rel=\"tag\">Otros libros de futbol<\/a>, <a href=\"https:\/\/editorialmeyzan.com\/index.php\/categoria-producto\/seleccion-crema\/\" rel=\"tag\">Selecci\u00f3n Crema<\/a>\t\t<\/div>\n\t\t\t\t\n\t<span class=\"price\"><span class=\"woocommerce-Price-amount amount\"><bdi><span class=\"woocommerce-Price-currencySymbol\">S\/<\/span>&nbsp;60.00<\/bdi><\/span><\/span>\n\n\t\n\t\n\t\t\t<\/div>\n\t<\/div>\n<\/div>\n\t\t\t\t\t\t\t\t<div class=\"wd-product wd-hover-quick wd-col product-grid-item product type-product post-1444 status-publish last instock product_cat-libros-meyzan product_cat-seleccion-crema has-post-thumbnail shipping-taxable purchasable product-type-simple\" data-loop=\"3\" data-id=\"1444\">\n\t\t\t\t\n\t\n<div class=\"product-wrapper\">\n\t<div class=\"product-element-top wd-quick-shop\">\n\t\t<a href=\"https:\/\/editorialmeyzan.com\/index.php\/producto\/crema-mi-gran-amigo-1\/\" class=\"product-image-link\" tabindex=\"-1\" aria-label=\"Crema, mi gran amigo 1\">\n\t\t\t<img loading=\"lazy\" decoding=\"async\" width=\"800\" height=\"800\" src=\"https:\/\/editorialmeyzan.com\/wp-content\/uploads\/2026\/01\/CREMA-MI-GRAN-AMIGO-2DA-png-800x800.png\" class=\"attachment-large size-large\" alt=\"\" srcset=\"https:\/\/editorialmeyzan.com\/wp-content\/uploads\/2026\/01\/CREMA-MI-GRAN-AMIGO-2DA-png-800x800.png 800w, https:\/\/editorialmeyzan.com\/wp-content\/uploads\/2026\/01\/CREMA-MI-GRAN-AMIGO-2DA-png-430x430.png 430w, https:\/\/editorialmeyzan.com\/wp-content\/uploads\/2026\/01\/CREMA-MI-GRAN-AMIGO-2DA-png-150x150.png 150w, https:\/\/editorialmeyzan.com\/wp-content\/uploads\/2026\/01\/CREMA-MI-GRAN-AMIGO-2DA-png-700x700.png 700w, https:\/\/editorialmeyzan.com\/wp-content\/uploads\/2026\/01\/CREMA-MI-GRAN-AMIGO-2DA-png-300x300.png 300w, https:\/\/editorialmeyzan.com\/wp-content\/uploads\/2026\/01\/CREMA-MI-GRAN-AMIGO-2DA-png-768x768.png 768w, https:\/\/editorialmeyzan.com\/wp-content\/uploads\/2026\/01\/CREMA-MI-GRAN-AMIGO-2DA-png-80x80.png 80w, https:\/\/editorialmeyzan.com\/wp-content\/uploads\/2026\/01\/CREMA-MI-GRAN-AMIGO-2DA-png.png 1080w\" sizes=\"auto, (max-width: 800px) 100vw, 800px\" \/>\t\t<\/a>\n\n\t\t\t\t<div class=\"wd-buttons wd-pos-r-t\">\n\t\t\t\t\t\t\t\t\t\t\t<div class=\"quick-view wd-action-btn wd-style-icon wd-quick-view-icon\">\n\t\t\t<a\n\t\t\t\thref=\"https:\/\/editorialmeyzan.com\/index.php\/producto\/crema-mi-gran-amigo-1\/\"\n\t\t\t\tclass=\"open-quick-view quick-view-button\"\n\t\t\t\trel=\"nofollow\"\n\t\t\t\tdata-id=\"1444\"\n\t\t\t\t>Vista r\u00e1pida<\/a>\n\t\t<\/div>\n\t\t\t\t\t\t\t<\/div>\n\n\t\t\t\t\t<div class=\"wd-add-btn wd-add-btn-replace\">\n\t\t\t\t\n\t\t\t\t<a href=\"\/index.php\/wp-json\/wp\/v2\/pages\/27?add-to-cart=1444\" aria-describedby=\"woocommerce_loop_add_to_cart_link_describedby_1444\" data-quantity=\"1\" class=\"button product_type_simple add_to_cart_button ajax_add_to_cart add-to-cart-loop\" data-product_id=\"1444\" data-product_sku=\"\" aria-label=\"A\u00f1adir al carrito: &ldquo;Crema, mi gran amigo 1&rdquo;\" rel=\"nofollow\" data-success_message=\"\u00abCrema, mi gran amigo 1\u00bb se ha a\u00f1adido a tu carrito\" role=\"button\"><span>A\u00f1adir al carrito<\/span><\/a>\t<span id=\"woocommerce_loop_add_to_cart_link_describedby_1444\" class=\"screen-reader-text\">\n\t\t\t<\/span>\n\t\t\t\t\t\t\t<\/div>\n\t\t\t<\/div>\n\t\t<div class=\"product-element-bottom\">\n\t\t\t<h3 class=\"wd-entities-title\"><a href=\"https:\/\/editorialmeyzan.com\/index.php\/producto\/crema-mi-gran-amigo-1\/\">Crema, mi gran amigo 1<\/a><\/h3>\n\t\t\t<div class=\"wd-product-cats\">\n\t\t\t<a href=\"https:\/\/editorialmeyzan.com\/index.php\/categoria-producto\/libros-meyzan\/\" rel=\"tag\">Libros Meyzan<\/a>, <a href=\"https:\/\/editorialmeyzan.com\/index.php\/categoria-producto\/seleccion-crema\/\" rel=\"tag\">Selecci\u00f3n Crema<\/a>\t\t<\/div>\n\t\t\t\t\n\t<span class=\"price\"><span class=\"woocommerce-Price-amount amount\"><bdi><span class=\"woocommerce-Price-currencySymbol\">S\/<\/span>&nbsp;60.00<\/bdi><\/span><\/span>\n\n\t\n\t\n\t\t\t<\/div>\n\t<\/div>\n<\/div>\n\t\t\n\t\t\t\t<\/div>\n\t\n\t\t\n\t\t\n\t\t\t\t\t<\/div>\n\t\t\n\t\t\t\t\t\t<\/div>\n\t\t\t\t<\/div>\n\t\t\t\t<div class=\"elementor-element elementor-element-120f54f elementor-widget elementor-widget-wd_button\" data-id=\"120f54f\" data-element_type=\"widget\" data-widget_type=\"wd_button.default\">\n\t\t\t\t<div class=\"elementor-widget-container\">\n\t\t\t\t\t\t\t<div class=\"wd-button-wrapper text-center\" >\n\t\t\t<a class=\"btn btn-style-default btn-shape-round btn-size-default btn-color-primary btn-icon-pos-right\"  href=\"https:\/\/editorialmeyzan.com\/index.php\/tienda\/\">\n\t\t\t\t<span class=\"wd-btn-text\" data-elementor-setting-key=\"text\">\n\t\t\t\t\tVer todos los libros\t\t\t\t<\/span>\n\n\t\t\t\t\t\t\t<\/a>\n\t\t<\/div>\n\t\t\t\t\t\t<\/div>\n\t\t\t\t<\/div>\n\t\t\t\t\t<\/div>\n\t\t\t\t<\/div>\n\t\t<div class=\"wd-negative-gap elementor-element elementor-element-1ac0fb4f wd-section-stretch e-flex e-con-boxed e-con e-parent\" data-id=\"1ac0fb4f\" data-element_type=\"container\" data-settings=\"{&quot;background_background&quot;:&quot;classic&quot;}\">\n\t\t\t\t\t<div class=\"e-con-inner\">\n\t\t\t\t<div class=\"elementor-element elementor-element-78112e7d wd-width-100 elementor-widget elementor-widget-wd_title\" data-id=\"78112e7d\" data-element_type=\"widget\" data-widget_type=\"wd_title.default\">\n\t\t\t\t<div class=\"elementor-widget-container\">\n\t\t\t\t\t\t\t<div class=\"title-wrapper wd-set-mb reset-last-child wd-title-color-primary wd-title-style-default wd-title-size-large text-center\">\n\n\t\t\t\t\t\t\t\t\t\t\t<div class=\"title-subtitle subtitle-color-primary subtitle-style-default wd-fontsize-xs\">\n\t\t\t\t\tM\u00e1s que una editorial, una comunidad de historias\t\t\t\t<\/div>\n\t\t\t\n\t\t\t<div class=\"liner-continer\">\n\t\t\t\t<h4 class=\"woodmart-title-container title wd-fontsize-xxl\">\u00bfPor qu\u00e9 Meyz\u00e1n?<\/h4> \n\t\t\t\t\t\t\t<\/div>\n\n\t\t\t\t\t<\/div>\n\t\t\t\t\t\t<\/div>\n\t\t\t\t<\/div>\n\t\t<div class=\"elementor-element elementor-element-efb7ebe e-con-full e-flex e-con e-child\" data-id=\"efb7ebe\" data-element_type=\"container\">\n\t\t<div class=\"elementor-element elementor-element-e297944 e-con-full e-flex e-con e-child\" data-id=\"e297944\" data-element_type=\"container\">\n\t\t\t\t<div class=\"elementor-element elementor-element-495f7ce color-scheme-inherit text-left elementor-widget elementor-widget-text-editor\" data-id=\"495f7ce\" data-element_type=\"widget\" data-widget_type=\"text-editor.default\">\n\t\t\t\t\t\t\t\t\t<p>\ud83d\udcda<\/p>\t\t\t\t\t\t\t\t<\/div>\n\t\t\t\t<div class=\"elementor-element elementor-element-26ccce1 color-scheme-inherit text-left elementor-widget elementor-widget-text-editor\" data-id=\"26ccce1\" data-element_type=\"widget\" data-widget_type=\"text-editor.default\">\n\t\t\t\t\t\t\t\t\t<strong>Cat\u00e1logo S\u00f3lido<\/strong>\t\t\t\t\t\t\t\t<\/div>\n\t\t\t\t<div class=\"elementor-element elementor-element-88533dc color-scheme-inherit text-left elementor-widget elementor-widget-text-editor\" data-id=\"88533dc\" data-element_type=\"widget\" data-widget_type=\"text-editor.default\">\n\t\t\t\t\t\t\t\t\t<p>T\u00edtulos con alta rotaci\u00f3n y p\u00fablico fidelizado que crece cada a\u00f1o.<\/p>\t\t\t\t\t\t\t\t<\/div>\n\t\t\t\t<\/div>\n\t\t<div class=\"elementor-element elementor-element-a09f050 e-con-full e-flex e-con e-child\" data-id=\"a09f050\" data-element_type=\"container\">\n\t\t\t\t<div class=\"elementor-element elementor-element-17f62e1 color-scheme-inherit text-left elementor-widget elementor-widget-text-editor\" data-id=\"17f62e1\" data-element_type=\"widget\" data-widget_type=\"text-editor.default\">\n\t\t\t\t\t\t\t\t\t<p>\u26bd<\/p>\t\t\t\t\t\t\t\t<\/div>\n\t\t\t\t<div class=\"elementor-element elementor-element-37241d0 color-scheme-inherit text-left elementor-widget elementor-widget-text-editor\" data-id=\"37241d0\" data-element_type=\"widget\" data-widget_type=\"text-editor.default\">\n\t\t\t\t\t\t\t\t\t<p><strong>Pasi\u00f3n Futbolera<\/strong><\/p>\t\t\t\t\t\t\t\t<\/div>\n\t\t\t\t<div class=\"elementor-element elementor-element-cc2903d color-scheme-inherit text-left elementor-widget elementor-widget-text-editor\" data-id=\"cc2903d\" data-element_type=\"widget\" data-widget_type=\"text-editor.default\">\n\t\t\t\t\t\t\t\t\t<div class=\"valor-item\"><p>Libros que combinan narrativa, identidad y la emoci\u00f3n del f\u00fatbol peruano.<\/p><\/div>\t\t\t\t\t\t\t\t<\/div>\n\t\t\t\t<\/div>\n\t\t<div class=\"elementor-element elementor-element-68ed139 e-con-full e-flex e-con e-child\" data-id=\"68ed139\" data-element_type=\"container\">\n\t\t\t\t<div class=\"elementor-element elementor-element-3c8bfe7 color-scheme-inherit text-left elementor-widget elementor-widget-text-editor\" data-id=\"3c8bfe7\" data-element_type=\"widget\" data-widget_type=\"text-editor.default\">\n\t\t\t\t\t\t\t\t\t<p>\u2728<\/p>\t\t\t\t\t\t\t\t<\/div>\n\t\t\t\t<div class=\"elementor-element elementor-element-1808a09 color-scheme-inherit text-left elementor-widget elementor-widget-text-editor\" data-id=\"1808a09\" data-element_type=\"widget\" data-widget_type=\"text-editor.default\">\n\t\t\t\t\t\t\t\t\t<p><strong>Propuesta Est\u00e9tica<\/strong><\/p>\t\t\t\t\t\t\t\t<\/div>\n\t\t\t\t<div class=\"elementor-element elementor-element-7f63aeb color-scheme-inherit text-left elementor-widget elementor-widget-text-editor\" data-id=\"7f63aeb\" data-element_type=\"widget\" data-widget_type=\"text-editor.default\">\n\t\t\t\t\t\t\t\t\t<section class=\"valores\"><div class=\"valores-grid\"><div class=\"valor-item\"><p>Dise\u00f1o cuidado en cada publicaci\u00f3n. Libros que quieres tener y coleccionar.<\/p><\/div><\/div><\/section><section class=\"cta-section\"><\/section>\t\t\t\t\t\t\t\t<\/div>\n\t\t\t\t<\/div>\n\t\t\t\t<\/div>\n\t\t\t\t\t<\/div>\n\t\t\t\t<\/div>\n\t\t<div class=\"wd-negative-gap elementor-element elementor-element-68bdd1d6 wd-section-stretch e-flex e-con-boxed e-con e-parent\" data-id=\"68bdd1d6\" data-element_type=\"container\" data-settings=\"{&quot;background_background&quot;:&quot;classic&quot;}\">\n\t\t\t\t\t<div class=\"e-con-inner\">\n\t\t\t\t<div class=\"elementor-element elementor-element-2bb80c15 wd-width-100 elementor-widget elementor-widget-wd_title\" data-id=\"2bb80c15\" data-element_type=\"widget\" data-widget_type=\"wd_title.default\">\n\t\t\t\t<div class=\"elementor-widget-container\">\n\t\t\t\t\t\t\t<div class=\"title-wrapper wd-set-mb reset-last-child wd-title-color-white wd-title-style-default wd-title-size-extra-large text-center\">\n\n\t\t\t\n\t\t\t<div class=\"liner-continer\">\n\t\t\t\t<h4 class=\"woodmart-title-container title wd-fontsize-xxxl\">\u00bfTienes una historia que contar?<\/h4> \n\t\t\t\t\t\t\t<\/div>\n\n\t\t\t\t\t\t\t<div class=\"title-after_title reset-last-child wd-fontsize-s\">\n\t\t\t\t\t<p>Acompa\u00f1amos autores desde la escritura hasta la llegada a los lectores.<\/p>\t\t\t\t<\/div>\n\t\t\t\t\t<\/div>\n\t\t\t\t\t\t<\/div>\n\t\t\t\t<\/div>\n\t\t\t\t<div class=\"elementor-element elementor-element-501fa22 elementor-widget elementor-widget-wd_button\" data-id=\"501fa22\" data-element_type=\"widget\" data-widget_type=\"wd_button.default\">\n\t\t\t\t<div class=\"elementor-widget-container\">\n\t\t\t\t\t\t\t<div class=\"wd-button-wrapper text-center\" >\n\t\t\t<a class=\"btn btn-style-default btn-shape-round btn-size-default btn-color-black btn-icon-pos-right\"  href=\"#\">\n\t\t\t\t<span class=\"wd-btn-text\" data-elementor-setting-key=\"text\">\n\t\t\t\t\tCont\u00e1ctanos\t\t\t\t<\/span>\n\n\t\t\t\t\t\t\t<\/a>\n\t\t<\/div>\n\t\t\t\t\t\t<\/div>\n\t\t\t\t<\/div>\n\t\t\t\t\t<\/div>\n\t\t\t\t<\/div>\n\t\t\t\t<\/div>\n\t\t","protected":false},"excerpt":{"rendered":"<p>Editorial independiente peruana Libros con identidad, archivo y emoci\u00f3n VER CAT\u00c1LOGO Nuestras publicaciones m\u00e1s recientes y queridas por la hinchada<\/p>\n","protected":false},"author":1,"featured_media":0,"parent":0,"menu_order":0,"comment_status":"closed","ping_status":"closed","template":"","meta":{"footnotes":""},"class_list":["post-27","page","type-page","status-publish","hentry"],"_links":{"self":[{"href":"https:\/\/editorialmeyzan.com\/index.php\/wp-json\/wp\/v2\/pages\/27","targetHints":{"allow":["GET"]}}],"collection":[{"href":"https:\/\/editorialmeyzan.com\/index.php\/wp-json\/wp\/v2\/pages"}],"about":[{"href":"https:\/\/editorialmeyzan.com\/index.php\/wp-json\/wp\/v2\/types\/page"}],"author":[{"embeddable":true,"href":"https:\/\/editorialmeyzan.com\/index.php\/wp-json\/wp\/v2\/users\/1"}],"replies":[{"embeddable":true,"href":"https:\/\/editorialmeyzan.com\/index.php\/wp-json\/wp\/v2\/comments?post=27"}],"version-history":[{"count":43,"href":"https:\/\/editorialmeyzan.com\/index.php\/wp-json\/wp\/v2\/pages\/27\/revisions"}],"predecessor-version":[{"id":1651,"href":"https:\/\/editorialmeyzan.com\/index.php\/wp-json\/wp\/v2\/pages\/27\/revisions\/1651"}],"wp:attachment":[{"href":"https:\/\/editorialmeyzan.com\/index.php\/wp-json\/wp\/v2\/media?parent=27"}],"curies":[{"name":"wp","href":"https:\/\/api.w.org\/{rel}","templated":true}]}}