{"id":1444,"date":"2026-01-18T00:53:57","date_gmt":"2026-01-18T05:53:57","guid":{"rendered":"https:\/\/editorialmeyzan.com\/?post_type=product&#038;p=1444"},"modified":"2026-01-23T17:22:10","modified_gmt":"2026-01-23T22:22:10","slug":"crema-mi-gran-amigo-1","status":"publish","type":"product","link":"https:\/\/editorialmeyzan.com\/index.php\/producto\/crema-mi-gran-amigo-1\/","title":{"rendered":"Crema, mi gran amigo 1"},"content":{"rendered":"","protected":false},"excerpt":{"rendered":"<p>Crema, mi gran amigo 1 es un compilado de testimonios \u00edntimos de exfutbolistas emblem\u00e1ticos de Universitario \u2014como Roberto Mart\u00ednez, Jorge Amado Nunes y \u00d3scar Ib\u00e1\u00f1ez\u2014 junto a voces literarias como Renato Cisneros y Ra\u00fal Tola. Un libro que re\u00fane memorias, afectos y la identidad crema contada por quienes la vivieron. El ep\u00edlogo, escrito por Jean Ferrari, le da un cierre emocional y de orgullo institucional.<\/p>\n<ul>\n<li><strong>Autor:<\/strong> Juan Carlos Ch\u00e1vez<\/li>\n<li><strong>G\u00e9nero:<\/strong> Investigaci\u00f3n \u2013 Cr\u00f3nica<\/li>\n<li><strong>PVP:<\/strong> S\/ 60<\/li>\n<li><strong>A\u00f1o de edici\u00f3n:<\/strong> 2025<\/li>\n<li><strong>Cantidad de p\u00e1ginas:<\/strong> 304<\/li>\n<li><strong>ISBN:<\/strong> 9786120311103<\/li>\n<li><strong>Tapa:<\/strong> R\u00fastica.<\/li>\n<\/ul>\n","protected":false},"featured_media":1446,"comment_status":"open","ping_status":"closed","template":"","meta":[],"product_brand":[],"product_cat":[20,21],"product_tag":[],"class_list":{"0":"post-1444","1":"product","2":"type-product","3":"status-publish","4":"has-post-thumbnail","6":"product_cat-libros-meyzan","7":"product_cat-seleccion-crema","9":"first","10":"instock","11":"shipping-taxable","12":"purchasable","13":"product-type-simple"},"_links":{"self":[{"href":"https:\/\/editorialmeyzan.com\/index.php\/wp-json\/wp\/v2\/product\/1444","targetHints":{"allow":["GET"]}}],"collection":[{"href":"https:\/\/editorialmeyzan.com\/index.php\/wp-json\/wp\/v2\/product"}],"about":[{"href":"https:\/\/editorialmeyzan.com\/index.php\/wp-json\/wp\/v2\/types\/product"}],"replies":[{"embeddable":true,"href":"https:\/\/editorialmeyzan.com\/index.php\/wp-json\/wp\/v2\/comments?post=1444"}],"version-history":[{"count":2,"href":"https:\/\/editorialmeyzan.com\/index.php\/wp-json\/wp\/v2\/product\/1444\/revisions"}],"predecessor-version":[{"id":1559,"href":"https:\/\/editorialmeyzan.com\/index.php\/wp-json\/wp\/v2\/product\/1444\/revisions\/1559"}],"wp:featuredmedia":[{"embeddable":true,"href":"https:\/\/editorialmeyzan.com\/index.php\/wp-json\/wp\/v2\/media\/1446"}],"wp:attachment":[{"href":"https:\/\/editorialmeyzan.com\/index.php\/wp-json\/wp\/v2\/media?parent=1444"}],"wp:term":[{"taxonomy":"product_brand","embeddable":true,"href":"https:\/\/editorialmeyzan.com\/index.php\/wp-json\/wp\/v2\/product_brand?post=1444"},{"taxonomy":"product_cat","embeddable":true,"href":"https:\/\/editorialmeyzan.com\/index.php\/wp-json\/wp\/v2\/product_cat?post=1444"},{"taxonomy":"product_tag","embeddable":true,"href":"https:\/\/editorialmeyzan.com\/index.php\/wp-json\/wp\/v2\/product_tag?post=1444"}],"curies":[{"name":"wp","href":"https:\/\/api.w.org\/{rel}","templated":true}]}}